{"id":4573,"date":"2022-10-10T14:59:53","date_gmt":"2022-10-10T18:59:53","guid":{"rendered":"https:\/\/tolic.com\/get-a-quote\/"},"modified":"2023-03-10T16:33:34","modified_gmt":"2023-03-10T20:33:34","slug":"get-a-quote","status":"publish","type":"page","link":"https:\/\/tolic.com\/en\/get-a-quote\/","title":{"rendered":"Get a quote"},"content":{"rendered":"\t\t<div data-elementor-type=\"wp-page\" data-elementor-id=\"4573\" class=\"elementor elementor-4573 elementor-282\" data-elementor-post-type=\"page\">\n\t\t\t\t\t\t<section class=\"elementor-section elementor-top-section elementor-element elementor-element-41c8f28c elementor-section-boxed elementor-section-height-default elementor-section-height-default\" data-id=\"41c8f28c\" data-element_type=\"section\" data-e-type=\"section\" data-settings=\"{&quot;background_background&quot;:&quot;classic&quot;}\">\n\t\t\t\t\t\t<div class=\"elementor-container elementor-column-gap-default\">\n\t\t\t\t\t<div class=\"elementor-column elementor-col-50 elementor-top-column elementor-element elementor-element-2f74071f\" data-id=\"2f74071f\" data-element_type=\"column\" data-e-type=\"column\">\n\t\t\t<div class=\"elementor-widget-wrap elementor-element-populated\">\n\t\t\t\t\t\t<div class=\"elementor-element elementor-element-7e5144f5 elementor-widget elementor-widget-heading\" data-id=\"7e5144f5\" data-element_type=\"widget\" data-e-type=\"widget\" data-widget_type=\"heading.default\">\n\t\t\t\t<div class=\"elementor-widget-container\">\n\t\t\t\t\t<h2 class=\"elementor-heading-title elementor-size-default\">Get a quote<\/h2>\t\t\t\t<\/div>\n\t\t\t\t<\/div>\n\t\t\t\t<div class=\"elementor-element elementor-element-399c4370 elementor-widget elementor-widget-text-editor\" data-id=\"399c4370\" data-element_type=\"widget\" data-e-type=\"widget\" data-widget_type=\"text-editor.default\">\n\t\t\t\t<div class=\"elementor-widget-container\">\n\t\t\t\t\t\t\t\t\t<p>We have a variety of policies to customize, depending on your needs.<\/p>\n<p><strong>How can we help you?<\/strong><\/p>\n\t\t\t\t\t\t\t\t<\/div>\n\t\t\t\t<\/div>\n\t\t\t\t<div class=\"elementor-element elementor-element-5af49f4f elementor-align-left elementor-mobile-align-center elementor-widget elementor-widget-button\" data-id=\"5af49f4f\" data-element_type=\"widget\" data-e-type=\"widget\" data-widget_type=\"button.default\">\n\t\t\t\t<div class=\"elementor-widget-container\">\n\t\t\t\t\t\t\t\t\t<div class=\"elementor-button-wrapper\">\n\t\t\t\t\t<a class=\"elementor-button elementor-button-link elementor-size-sm\" href=\"https:\/\/tolic.com\/en\/contact-us\/\">\n\t\t\t\t\t\t<span class=\"elementor-button-content-wrapper\">\n\t\t\t\t\t\t\t\t\t<span class=\"elementor-button-text\">Contact Us<\/span>\n\t\t\t\t\t<\/span>\n\t\t\t\t\t<\/a>\n\t\t\t\t<\/div>\n\t\t\t\t\t\t\t\t<\/div>\n\t\t\t\t<\/div>\n\t\t\t\t\t<\/div>\n\t\t<\/div>\n\t\t\t\t<div class=\"elementor-column elementor-col-50 elementor-top-column elementor-element elementor-element-dd934d\" data-id=\"dd934d\" data-element_type=\"column\" data-e-type=\"column\">\n\t\t\t<div class=\"elementor-widget-wrap\">\n\t\t\t\t\t\t\t<\/div>\n\t\t<\/div>\n\t\t\t\t\t<\/div>\n\t\t<\/section>\n\t\t\t\t<section class=\"elementor-section elementor-top-section elementor-element elementor-element-1533e34d elementor-section-boxed elementor-section-height-default elementor-section-height-default\" data-id=\"1533e34d\" data-element_type=\"section\" data-e-type=\"section\">\n\t\t\t\t\t\t<div class=\"elementor-container elementor-column-gap-default\">\n\t\t\t\t\t<div class=\"elementor-column elementor-col-100 elementor-top-column elementor-element elementor-element-1eba8ba0\" data-id=\"1eba8ba0\" data-element_type=\"column\" data-e-type=\"column\">\n\t\t\t<div class=\"elementor-widget-wrap elementor-element-populated\">\n\t\t\t\t\t\t<div class=\"elementor-element elementor-element-64024a22 elementor-widget elementor-widget-heading\" data-id=\"64024a22\" data-element_type=\"widget\" data-e-type=\"widget\" data-widget_type=\"heading.default\">\n\t\t\t\t<div class=\"elementor-widget-container\">\n\t\t\t\t\t<h2 class=\"elementor-heading-title elementor-size-default\">Get a quote today!<\/h2>\t\t\t\t<\/div>\n\t\t\t\t<\/div>\n\t\t\t\t<div class=\"elementor-element elementor-element-3ef65422 elementor-widget elementor-widget-heading\" data-id=\"3ef65422\" data-element_type=\"widget\" data-e-type=\"widget\" data-widget_type=\"heading.default\">\n\t\t\t\t<div class=\"elementor-widget-container\">\n\t\t\t\t\t<h5 class=\"elementor-heading-title elementor-size-default\">Call us at <a href=\"tel:+1-787-620-2700\">787.620.2700<\/a> or fill out the form below.<\/h5>\t\t\t\t<\/div>\n\t\t\t\t<\/div>\n\t\t\t\t<div class=\"elementor-element elementor-element-421b7e elementor-widget elementor-widget-htcontactform-addons\" data-id=\"421b7e\" data-element_type=\"widget\" data-e-type=\"widget\" data-widget_type=\"htcontactform-addons.default\">\n\t\t\t\t<div class=\"elementor-widget-container\">\n\t\t\t\t\t            <div class=\"htcontact-form-wrapper\" >\n                \n<div class=\"wpcf7 no-js\" id=\"wpcf7-f6287-o1\" lang=\"en-US\" dir=\"ltr\" data-wpcf7-id=\"6287\">\n<div class=\"screen-reader-response\"><p role=\"status\" aria-live=\"polite\" aria-atomic=\"true\"><\/p> <ul><\/ul><\/div>\n<form action=\"\/en\/wp-json\/wp\/v2\/pages\/4573#wpcf7-f6287-o1\" method=\"post\" class=\"wpcf7-form init\" aria-label=\"Contact form\" novalidate=\"novalidate\" data-status=\"init\">\n<fieldset class=\"hidden-fields-container\"><input type=\"hidden\" name=\"_wpcf7\" value=\"6287\" \/><input type=\"hidden\" name=\"_wpcf7_version\" value=\"6.1.5\" \/><input type=\"hidden\" name=\"_wpcf7_locale\" value=\"en_US\" \/><input type=\"hidden\" name=\"_wpcf7_unit_tag\" value=\"wpcf7-f6287-o1\" \/><input type=\"hidden\" name=\"_wpcf7_container_post\" value=\"0\" \/><input type=\"hidden\" name=\"_wpcf7_posted_data_hash\" value=\"\" \/><input type=\"hidden\" name=\"_extcf7_conditional_options\" value=\"{&quot;form_id&quot;:6287,&quot;conditions&quot;:[]}\" \/><input type=\"hidden\" name=\"_extcf7_redirect_options\" value=\"{&quot;form_id&quot;:6287,&quot;redirect_options&quot;:&quot;&quot;}\" \/><input type=\"hidden\" name=\"_wpcf7_recaptcha_response\" value=\"\" \/>\n<\/fieldset>\n<div class=\"row\">\n\t<div class=\"col-6\">\n\t\t<p><span class=\"wpcf7-form-control-wrap\" data-name=\"your-name\"><input size=\"40\" maxlength=\"400\" class=\"wpcf7-form-control wpcf7-text wpcf7-validates-as-required\" aria-required=\"true\" aria-invalid=\"false\" placeholder=\"First and Last Name\" value=\"\" type=\"text\" name=\"your-name\" \/><\/span>\n\t\t<\/p>\n\t<\/div>\n\t<div class=\"col-6\">\n\t\t<p><span class=\"wpcf7-form-control-wrap\" data-name=\"your-phone\"><input size=\"40\" maxlength=\"400\" class=\"wpcf7-form-control wpcf7-tel wpcf7-validates-as-required wpcf7-text wpcf7-validates-as-tel\" aria-required=\"true\" aria-invalid=\"false\" placeholder=\"Phone\" value=\"\" type=\"tel\" name=\"your-phone\" \/><\/span>\n\t\t<\/p>\n\t<\/div>\n<\/div>\n<div class=\"row\">\n\t<div class=\"col-6\">\n\t\t<p><span class=\"wpcf7-form-control-wrap\" data-name=\"your-email\"><input size=\"40\" maxlength=\"400\" class=\"wpcf7-form-control wpcf7-email wpcf7-validates-as-required wpcf7-text wpcf7-validates-as-email\" aria-required=\"true\" aria-invalid=\"false\" placeholder=\"Email address\" value=\"\" type=\"email\" name=\"your-email\" \/><\/span>\n\t\t<\/p>\n\t<\/div>\n\t<div class=\"col-6\">\n\t\t<p><span class=\"wpcf7-form-control-wrap\" data-name=\"your-pueblo\"><select class=\"wpcf7-form-control wpcf7-select wpcf7-validates-as-required\" aria-required=\"true\" aria-invalid=\"false\" name=\"your-pueblo\"><option value=\"Municipality\">Municipality<\/option><option value=\"Adjuntas\">Adjuntas<\/option><option value=\"Aguada\">Aguada<\/option><option value=\"Aguadilla\">Aguadilla<\/option><option value=\"Aguas Buenas\">Aguas Buenas<\/option><option value=\"Aibonito\">Aibonito<\/option><option value=\"Arecibo\">Arecibo<\/option><option value=\"Arroyo\">Arroyo<\/option><option value=\"A\u00f1asco\">A\u00f1asco<\/option><option value=\"Barceloneta\">Barceloneta<\/option><option value=\"Barranquitas\">Barranquitas<\/option><option value=\"Bayam\u00f3n\">Bayam\u00f3n<\/option><option value=\"Cabo Rojo\">Cabo Rojo<\/option><option value=\"Caguas\">Caguas<\/option><option value=\"Camuy\">Camuy<\/option><option value=\"Can\u00f3vanas\">Can\u00f3vanas<\/option><option value=\"Carolina\">Carolina<\/option><option value=\"Cata\u00f1o\">Cata\u00f1o<\/option><option value=\"Cayey\">Cayey<\/option><option value=\"Ceiba\">Ceiba<\/option><option value=\"Ciales\">Ciales<\/option><option value=\"Cidra\">Cidra<\/option><option value=\"Coamo\">Coamo<\/option><option value=\"Comer\u00edo\">Comer\u00edo<\/option><option value=\"Corozal\">Corozal<\/option><option value=\"Culebra\">Culebra<\/option><option value=\"Dorado\">Dorado<\/option><option value=\"Fajardo\">Fajardo<\/option><option value=\"Florida\">Florida<\/option><option value=\"Guayama\">Guayama<\/option><option value=\"Guayanilla\">Guayanilla<\/option><option value=\"Guaynabo\">Guaynabo<\/option><option value=\"Gurabo\">Gurabo<\/option><option value=\"Gu\u00e1nica\">Gu\u00e1nica<\/option><option value=\"Hatillo\">Hatillo<\/option><option value=\"Hormigueros\">Hormigueros<\/option><option value=\"Humacao\">Humacao<\/option><option value=\"Isabela\">Isabela<\/option><option value=\"Jayuya\">Jayuya<\/option><option value=\"Juana D\u00edaz\">Juana D\u00edaz<\/option><option value=\"Juncos\">Juncos<\/option><option value=\"Lajas\">Lajas<\/option><option value=\"Lares\">Lares<\/option><option value=\"Las Mar\u00edas\">Las Mar\u00edas<\/option><option value=\"Las Piedras\">Las Piedras<\/option><option value=\"Loiza\">Loiza<\/option><option value=\"Luquillo\">Luquillo<\/option><option value=\"Manat\u00ed\">Manat\u00ed<\/option><option value=\"Maricao\">Maricao<\/option><option value=\"Maunabo\">Maunabo<\/option><option value=\"Mayag\u00fcez\">Mayag\u00fcez<\/option><option value=\"Moca\">Moca<\/option><option value=\"Morovis\">Morovis<\/option><option value=\"Naguabo\">Naguabo<\/option><option value=\"Naranjito\">Naranjito<\/option><option value=\"Orocovis\">Orocovis<\/option><option value=\"Patillas\">Patillas<\/option><option value=\"Pe\u00f1uelas\">Pe\u00f1uelas<\/option><option value=\"Ponce\">Ponce<\/option><option value=\"Quebradillas\">Quebradillas<\/option><option value=\"Rinc\u00f3n\">Rinc\u00f3n<\/option><option value=\"Rio\n        Grande\">Rio\n        Grande<\/option><option value=\"Sabana Grande\">Sabana Grande<\/option><option value=\"Salinas\">Salinas<\/option><option value=\"San Germ\u00e1n\">San Germ\u00e1n<\/option><option value=\"San Juan\">San Juan<\/option><option value=\"San Lorenzo\">San Lorenzo<\/option><option value=\"San Sebasti\u00e1n\">San Sebasti\u00e1n<\/option><option value=\"Santa Isabel\">Santa Isabel<\/option><option value=\"Toa\n        Alta\">Toa\n        Alta<\/option><option value=\"Toa Baja\">Toa Baja<\/option><option value=\"Trujillo Alto\">Trujillo Alto<\/option><option value=\"Utuado\">Utuado<\/option><option value=\"Vega Alta\">Vega Alta<\/option><option value=\"Vega Baja\">Vega Baja<\/option><option value=\"Vieques\">Vieques<\/option><option value=\"Villalba\">Villalba<\/option><option value=\"Yabucoa\">Yabucoa<\/option><option value=\"Yauco\">Yauco<\/option><\/select><\/span>\n\t\t<\/p>\n\t<\/div>\n<\/div>\n<div class=\"row btn-submit\">\n\t<div class=\"col-12\">\n\t\t<p><input class=\"wpcf7-form-control wpcf7-submit has-spinner\" type=\"submit\" value=\"Get a Quote\" \/>\n\t\t<\/p>\n\t<\/div>\n<\/div><p style=\"display: none !important;\" class=\"akismet-fields-container\" data-prefix=\"_wpcf7_ak_\"><label>&#916;<textarea name=\"_wpcf7_ak_hp_textarea\" cols=\"45\" rows=\"8\" maxlength=\"100\"><\/textarea><\/label><input type=\"hidden\" id=\"ak_js_1\" name=\"_wpcf7_ak_js\" value=\"228\"\/><script>document.getElementById( \"ak_js_1\" ).setAttribute( \"value\", ( new Date() ).getTime() );<\/script><\/p><div class=\"wpcf7-response-output\" aria-hidden=\"true\"><\/div>\n<\/form>\n<\/div>\n            <\/div>\n\n        \t\t\t\t<\/div>\n\t\t\t\t<\/div>\n\t\t\t\t\t<\/div>\n\t\t<\/div>\n\t\t\t\t\t<\/div>\n\t\t<\/section>\n\t\t\t\t<section class=\"elementor-section elementor-top-section elementor-element elementor-element-3fdc466a elementor-section-boxed elementor-section-height-default elementor-section-height-default\" data-id=\"3fdc466a\" data-element_type=\"section\" data-e-type=\"section\" data-settings=\"{&quot;background_background&quot;:&quot;classic&quot;}\">\n\t\t\t\t\t\t<div class=\"elementor-container elementor-column-gap-default\">\n\t\t\t\t\t<div class=\"elementor-column elementor-col-50 elementor-top-column elementor-element elementor-element-619c703\" data-id=\"619c703\" data-element_type=\"column\" data-e-type=\"column\">\n\t\t\t<div class=\"elementor-widget-wrap elementor-element-populated\">\n\t\t\t\t\t\t<div class=\"elementor-element elementor-element-21ccba2b elementor-widget elementor-widget-heading\" data-id=\"21ccba2b\" data-element_type=\"widget\" data-e-type=\"widget\" data-widget_type=\"heading.default\">\n\t\t\t\t<div class=\"elementor-widget-container\">\n\t\t\t\t\t<h2 class=\"elementor-heading-title elementor-size-default\">Count on us the <br>\n365 days of the year.<\/h2>\t\t\t\t<\/div>\n\t\t\t\t<\/div>\n\t\t\t\t\t<\/div>\n\t\t<\/div>\n\t\t\t\t<div class=\"elementor-column elementor-col-50 elementor-top-column elementor-element elementor-element-2b13fd28\" data-id=\"2b13fd28\" data-element_type=\"column\" data-e-type=\"column\">\n\t\t\t<div class=\"elementor-widget-wrap elementor-element-populated\">\n\t\t\t\t\t\t<div class=\"elementor-element elementor-element-882fde4 elementor-widget elementor-widget-text-editor\" data-id=\"882fde4\" data-element_type=\"widget\" data-e-type=\"widget\" data-widget_type=\"text-editor.default\">\n\t\t\t\t<div class=\"elementor-widget-container\">\n\t\t\t\t\t\t\t\t\t<p>We offer you a variety of insurance policies that you can customize, adjusting them to your needs by combining them with the different optional coverages available.<\/p>\n\t\t\t\t\t\t\t\t<\/div>\n\t\t\t\t<\/div>\n\t\t\t\t<div class=\"elementor-element elementor-element-74de5c04 elementor-align-left elementor-mobile-align-center elementor-widget elementor-widget-button\" data-id=\"74de5c04\" data-element_type=\"widget\" data-e-type=\"widget\" data-widget_type=\"button.default\">\n\t\t\t\t<div class=\"elementor-widget-container\">\n\t\t\t\t\t\t\t\t\t<div class=\"elementor-button-wrapper\">\n\t\t\t\t\t<a class=\"elementor-button elementor-button-link elementor-size-sm\" href=\"https:\/\/tolic.com\/en\/contact-us\/\">\n\t\t\t\t\t\t<span class=\"elementor-button-content-wrapper\">\n\t\t\t\t\t\t\t\t\t<span class=\"elementor-button-text\">REQUEST MORE INFORMATION<\/span>\n\t\t\t\t\t<\/span>\n\t\t\t\t\t<\/a>\n\t\t\t\t<\/div>\n\t\t\t\t\t\t\t\t<\/div>\n\t\t\t\t<\/div>\n\t\t\t\t\t<\/div>\n\t\t<\/div>\n\t\t\t\t\t<\/div>\n\t\t<\/section>\n\t\t\t\t<\/div>\n\t\t","protected":false},"excerpt":{"rendered":"<p>Get a quote We have a variety of policies to customize, depending on your needs. How can we help you? Contact Us Get a quote today! Call us at 787.620.2700 or fill out the form below. MunicipioAdjuntasAguadaAguadillaAguas BuenasAibonitoAreciboArroyoA\u00f1ascoBarcelonetaBarranquitasBayam\u00f3nCabo RojoCaguasCamuyCan\u00f3vanasCarolinaCata\u00f1oCayeyCeibaCialesCidraCoamoComer\u00edoCorozalCulebraDoradoFajardoFloridaGuayamaGuayanillaGuaynaboGuraboGu\u00e1nicaHatilloHormiguerosHumacaoIsabelaJayuyaJuana D\u00edazJuncosLajasLaresLas Mar\u00edasLas PiedrasLoizaLuquilloManat\u00edMaricaoMaunaboMayag\u00fcezMocaMorovisNaguaboNaranjitoOrocovisPatillasPe\u00f1uelasPonceQuebradillasRinc\u00f3nRio GrandeSabana GrandeSalinasSan Germ\u00e1nSan JuanSan LorenzoSan Sebasti\u00e1nSanta IsabelToa AltaToa BajaTrujillo AltoUtuadoVega AltaVega BajaViequesVillalbaYabucoaYauco Count [&hellip;]<\/p>\n","protected":false},"author":7,"featured_media":0,"parent":0,"menu_order":0,"comment_status":"closed","ping_status":"closed","template":"","meta":{"footnotes":""},"class_list":["post-4573","page","type-page","status-publish","hentry"],"yoast_head":"<!-- This site is optimized with the Yoast SEO plugin v27.3 - https:\/\/yoast.com\/product\/yoast-seo-wordpress\/ -->\n<title>Get a quote - TOLIC<\/title>\n<meta name=\"robots\" content=\"index, follow, max-snippet:-1, max-image-preview:large, max-video-preview:-1\" \/>\n<link rel=\"canonical\" href=\"https:\/\/tolic.com\/en\/get-a-quote\/\" \/>\n<meta property=\"og:locale\" content=\"en_US\" \/>\n<meta property=\"og:type\" content=\"article\" \/>\n<meta property=\"og:title\" content=\"Get a quote - TOLIC\" \/>\n<meta property=\"og:description\" content=\"Get a quote We have a variety of policies to customize, depending on your needs. How can we help you? Contact Us Get a quote today! Call us at 787.620.2700 or fill out the form below. MunicipioAdjuntasAguadaAguadillaAguas BuenasAibonitoAreciboArroyoA\u00f1ascoBarcelonetaBarranquitasBayam\u00f3nCabo RojoCaguasCamuyCan\u00f3vanasCarolinaCata\u00f1oCayeyCeibaCialesCidraCoamoComer\u00edoCorozalCulebraDoradoFajardoFloridaGuayamaGuayanillaGuaynaboGuraboGu\u00e1nicaHatilloHormiguerosHumacaoIsabelaJayuyaJuana D\u00edazJuncosLajasLaresLas Mar\u00edasLas PiedrasLoizaLuquilloManat\u00edMaricaoMaunaboMayag\u00fcezMocaMorovisNaguaboNaranjitoOrocovisPatillasPe\u00f1uelasPonceQuebradillasRinc\u00f3nRio GrandeSabana GrandeSalinasSan Germ\u00e1nSan JuanSan LorenzoSan Sebasti\u00e1nSanta IsabelToa AltaToa BajaTrujillo AltoUtuadoVega AltaVega BajaViequesVillalbaYabucoaYauco Count [&hellip;]\" \/>\n<meta property=\"og:url\" content=\"https:\/\/tolic.com\/en\/get-a-quote\/\" \/>\n<meta property=\"og:site_name\" content=\"TOLIC\" \/>\n<meta property=\"article:publisher\" content=\"https:\/\/www.facebook.com\/tolicpr\" \/>\n<meta property=\"article:modified_time\" content=\"2023-03-10T20:33:34+00:00\" \/>\n<meta name=\"twitter:card\" content=\"summary_large_image\" \/>\n<meta name=\"twitter:label1\" content=\"Est. reading time\" \/>\n\t<meta name=\"twitter:data1\" content=\"1 minute\" \/>\n<script type=\"application\/ld+json\" class=\"yoast-schema-graph\">{\"@context\":\"https:\\\/\\\/schema.org\",\"@graph\":[{\"@type\":\"WebPage\",\"@id\":\"https:\\\/\\\/tolic.com\\\/en\\\/get-a-quote\\\/\",\"url\":\"https:\\\/\\\/tolic.com\\\/en\\\/get-a-quote\\\/\",\"name\":\"Get a quote - TOLIC\",\"isPartOf\":{\"@id\":\"https:\\\/\\\/tolic.com\\\/en\\\/#website\"},\"datePublished\":\"2022-10-10T18:59:53+00:00\",\"dateModified\":\"2023-03-10T20:33:34+00:00\",\"breadcrumb\":{\"@id\":\"https:\\\/\\\/tolic.com\\\/en\\\/get-a-quote\\\/#breadcrumb\"},\"inLanguage\":\"en-US\",\"potentialAction\":[{\"@type\":\"ReadAction\",\"target\":[\"https:\\\/\\\/tolic.com\\\/en\\\/get-a-quote\\\/\"]}]},{\"@type\":\"BreadcrumbList\",\"@id\":\"https:\\\/\\\/tolic.com\\\/en\\\/get-a-quote\\\/#breadcrumb\",\"itemListElement\":[{\"@type\":\"ListItem\",\"position\":1,\"name\":\"Portada\",\"item\":\"https:\\\/\\\/tolic.com\\\/en\\\/\"},{\"@type\":\"ListItem\",\"position\":2,\"name\":\"Get a quote\"}]},{\"@type\":\"WebSite\",\"@id\":\"https:\\\/\\\/tolic.com\\\/en\\\/#website\",\"url\":\"https:\\\/\\\/tolic.com\\\/en\\\/\",\"name\":\"TOLIC\",\"description\":\"Trans-Oceanic Life Insurence Company\",\"publisher\":{\"@id\":\"https:\\\/\\\/tolic.com\\\/en\\\/#organization\"},\"potentialAction\":[{\"@type\":\"SearchAction\",\"target\":{\"@type\":\"EntryPoint\",\"urlTemplate\":\"https:\\\/\\\/tolic.com\\\/en\\\/?s={search_term_string}\"},\"query-input\":{\"@type\":\"PropertyValueSpecification\",\"valueRequired\":true,\"valueName\":\"search_term_string\"}}],\"inLanguage\":\"en-US\"},{\"@type\":\"Organization\",\"@id\":\"https:\\\/\\\/tolic.com\\\/en\\\/#organization\",\"name\":\"TOLIC\",\"url\":\"https:\\\/\\\/tolic.com\\\/en\\\/\",\"logo\":{\"@type\":\"ImageObject\",\"inLanguage\":\"en-US\",\"@id\":\"https:\\\/\\\/tolic.com\\\/en\\\/#\\\/schema\\\/logo\\\/image\\\/\",\"url\":\"https:\\\/\\\/tolic.com\\\/wp-content\\\/uploads\\\/2023\\\/05\\\/Logo-TOLIC-01.png\",\"contentUrl\":\"https:\\\/\\\/tolic.com\\\/wp-content\\\/uploads\\\/2023\\\/05\\\/Logo-TOLIC-01.png\",\"width\":3556,\"height\":1362,\"caption\":\"TOLIC\"},\"image\":{\"@id\":\"https:\\\/\\\/tolic.com\\\/en\\\/#\\\/schema\\\/logo\\\/image\\\/\"},\"sameAs\":[\"https:\\\/\\\/www.facebook.com\\\/tolicpr\",\"https:\\\/\\\/www.instagram.com\\\/tolicpr\\\/\",\"https:\\\/\\\/www.linkedin.com\\\/company\\\/trans-oceanic-life-insurance-tolic-pr\\\/\"]}]}<\/script>\n<!-- \/ Yoast SEO plugin. -->","yoast_head_json":{"title":"Get a quote - TOLIC","robots":{"index":"index","follow":"follow","max-snippet":"max-snippet:-1","max-image-preview":"max-image-preview:large","max-video-preview":"max-video-preview:-1"},"canonical":"https:\/\/tolic.com\/en\/get-a-quote\/","og_locale":"en_US","og_type":"article","og_title":"Get a quote - TOLIC","og_description":"Get a quote We have a variety of policies to customize, depending on your needs. How can we help you? Contact Us Get a quote today! Call us at 787.620.2700 or fill out the form below. MunicipioAdjuntasAguadaAguadillaAguas BuenasAibonitoAreciboArroyoA\u00f1ascoBarcelonetaBarranquitasBayam\u00f3nCabo RojoCaguasCamuyCan\u00f3vanasCarolinaCata\u00f1oCayeyCeibaCialesCidraCoamoComer\u00edoCorozalCulebraDoradoFajardoFloridaGuayamaGuayanillaGuaynaboGuraboGu\u00e1nicaHatilloHormiguerosHumacaoIsabelaJayuyaJuana D\u00edazJuncosLajasLaresLas Mar\u00edasLas PiedrasLoizaLuquilloManat\u00edMaricaoMaunaboMayag\u00fcezMocaMorovisNaguaboNaranjitoOrocovisPatillasPe\u00f1uelasPonceQuebradillasRinc\u00f3nRio GrandeSabana GrandeSalinasSan Germ\u00e1nSan JuanSan LorenzoSan Sebasti\u00e1nSanta IsabelToa AltaToa BajaTrujillo AltoUtuadoVega AltaVega BajaViequesVillalbaYabucoaYauco Count [&hellip;]","og_url":"https:\/\/tolic.com\/en\/get-a-quote\/","og_site_name":"TOLIC","article_publisher":"https:\/\/www.facebook.com\/tolicpr","article_modified_time":"2023-03-10T20:33:34+00:00","twitter_card":"summary_large_image","twitter_misc":{"Est. reading time":"1 minute"},"schema":{"@context":"https:\/\/schema.org","@graph":[{"@type":"WebPage","@id":"https:\/\/tolic.com\/en\/get-a-quote\/","url":"https:\/\/tolic.com\/en\/get-a-quote\/","name":"Get a quote - TOLIC","isPartOf":{"@id":"https:\/\/tolic.com\/en\/#website"},"datePublished":"2022-10-10T18:59:53+00:00","dateModified":"2023-03-10T20:33:34+00:00","breadcrumb":{"@id":"https:\/\/tolic.com\/en\/get-a-quote\/#breadcrumb"},"inLanguage":"en-US","potentialAction":[{"@type":"ReadAction","target":["https:\/\/tolic.com\/en\/get-a-quote\/"]}]},{"@type":"BreadcrumbList","@id":"https:\/\/tolic.com\/en\/get-a-quote\/#breadcrumb","itemListElement":[{"@type":"ListItem","position":1,"name":"Portada","item":"https:\/\/tolic.com\/en\/"},{"@type":"ListItem","position":2,"name":"Get a quote"}]},{"@type":"WebSite","@id":"https:\/\/tolic.com\/en\/#website","url":"https:\/\/tolic.com\/en\/","name":"TOLIC","description":"Trans-Oceanic Life Insurence Company","publisher":{"@id":"https:\/\/tolic.com\/en\/#organization"},"potentialAction":[{"@type":"SearchAction","target":{"@type":"EntryPoint","urlTemplate":"https:\/\/tolic.com\/en\/?s={search_term_string}"},"query-input":{"@type":"PropertyValueSpecification","valueRequired":true,"valueName":"search_term_string"}}],"inLanguage":"en-US"},{"@type":"Organization","@id":"https:\/\/tolic.com\/en\/#organization","name":"TOLIC","url":"https:\/\/tolic.com\/en\/","logo":{"@type":"ImageObject","inLanguage":"en-US","@id":"https:\/\/tolic.com\/en\/#\/schema\/logo\/image\/","url":"https:\/\/tolic.com\/wp-content\/uploads\/2023\/05\/Logo-TOLIC-01.png","contentUrl":"https:\/\/tolic.com\/wp-content\/uploads\/2023\/05\/Logo-TOLIC-01.png","width":3556,"height":1362,"caption":"TOLIC"},"image":{"@id":"https:\/\/tolic.com\/en\/#\/schema\/logo\/image\/"},"sameAs":["https:\/\/www.facebook.com\/tolicpr","https:\/\/www.instagram.com\/tolicpr\/","https:\/\/www.linkedin.com\/company\/trans-oceanic-life-insurance-tolic-pr\/"]}]}},"_links":{"self":[{"href":"https:\/\/tolic.com\/en\/wp-json\/wp\/v2\/pages\/4573","targetHints":{"allow":["GET"]}}],"collection":[{"href":"https:\/\/tolic.com\/en\/wp-json\/wp\/v2\/pages"}],"about":[{"href":"https:\/\/tolic.com\/en\/wp-json\/wp\/v2\/types\/page"}],"author":[{"embeddable":true,"href":"https:\/\/tolic.com\/en\/wp-json\/wp\/v2\/users\/7"}],"replies":[{"embeddable":true,"href":"https:\/\/tolic.com\/en\/wp-json\/wp\/v2\/comments?post=4573"}],"version-history":[{"count":47,"href":"https:\/\/tolic.com\/en\/wp-json\/wp\/v2\/pages\/4573\/revisions"}],"predecessor-version":[{"id":8539,"href":"https:\/\/tolic.com\/en\/wp-json\/wp\/v2\/pages\/4573\/revisions\/8539"}],"wp:attachment":[{"href":"https:\/\/tolic.com\/en\/wp-json\/wp\/v2\/media?parent=4573"}],"curies":[{"name":"wp","href":"https:\/\/api.w.org\/{rel}","templated":true}]}}